{"id":65,"date":"2018-11-17T22:07:25","date_gmt":"2018-11-17T20:07:25","guid":{"rendered":"http:\/\/korinki.fi\/?page_id=65"},"modified":"2020-10-13T21:41:56","modified_gmt":"2020-10-13T18:41:56","slug":"galleria","status":"publish","type":"page","link":"https:\/\/korinki.fi\/en\/galleria\/","title":{"rendered":"Gallery"},"content":{"rendered":"<div id='gallery-1' class='gallery galleryid-65 gallery-columns-3 gallery-size-medium'><figure class='gallery-item'>\n\t\t\t<div class='gallery-icon landscape'>\n\t\t\t\t<a href='https:\/\/korinki.fi\/en\/galleria\/1_nosturi_images_galleriat-galleries_referenssit-sidebar-galleria_1050_8001\/#main'><img loading=\"lazy\" decoding=\"async\" width=\"300\" height=\"225\" src=\"https:\/\/korinki.fi\/wp-content\/uploads\/2018\/11\/1_nosturi_images_galleriat-galleries_referenssit-sidebar-galleria_1050_8001-300x225.jpg\" class=\"attachment-medium size-medium\" alt=\"\" srcset=\"https:\/\/korinki.fi\/wp-content\/uploads\/2018\/11\/1_nosturi_images_galleriat-galleries_referenssit-sidebar-galleria_1050_8001-300x225.jpg 300w, https:\/\/korinki.fi\/wp-content\/uploads\/2018\/11\/1_nosturi_images_galleriat-galleries_referenssit-sidebar-galleria_1050_8001-768x576.jpg 768w, https:\/\/korinki.fi\/wp-content\/uploads\/2018\/11\/1_nosturi_images_galleriat-galleries_referenssit-sidebar-galleria_1050_8001-1024x768.jpg 1024w, https:\/\/korinki.fi\/wp-content\/uploads\/2018\/11\/1_nosturi_images_galleriat-galleries_referenssit-sidebar-galleria_1050_8001.jpg 1066w\" sizes=\"auto, (max-width: 300px) 100vw, 300px\" \/><\/a>\n\t\t\t<\/div><\/figure><figure class='gallery-item'>\n\t\t\t<div class='gallery-icon landscape'>\n\t\t\t\t<a href='https:\/\/korinki.fi\/en\/galleria\/2_nosturi_images_galleriat-galleries_referenssit-sidebar-galleria_1050_8001\/#main'><img loading=\"lazy\" decoding=\"async\" width=\"300\" height=\"225\" src=\"https:\/\/korinki.fi\/wp-content\/uploads\/2018\/11\/2_nosturi_images_galleriat-galleries_referenssit-sidebar-galleria_1050_8001-300x225.jpg\" class=\"attachment-medium size-medium\" alt=\"\" srcset=\"https:\/\/korinki.fi\/wp-content\/uploads\/2018\/11\/2_nosturi_images_galleriat-galleries_referenssit-sidebar-galleria_1050_8001-300x225.jpg 300w, https:\/\/korinki.fi\/wp-content\/uploads\/2018\/11\/2_nosturi_images_galleriat-galleries_referenssit-sidebar-galleria_1050_8001-768x576.jpg 768w, https:\/\/korinki.fi\/wp-content\/uploads\/2018\/11\/2_nosturi_images_galleriat-galleries_referenssit-sidebar-galleria_1050_8001-1024x768.jpg 1024w, https:\/\/korinki.fi\/wp-content\/uploads\/2018\/11\/2_nosturi_images_galleriat-galleries_referenssit-sidebar-galleria_1050_8001.jpg 1066w\" sizes=\"auto, (max-width: 300px) 100vw, 300px\" \/><\/a>\n\t\t\t<\/div><\/figure><figure class='gallery-item'>\n\t\t\t<div class='gallery-icon landscape'>\n\t\t\t\t<a href='https:\/\/korinki.fi\/en\/galleria\/3_nosturi_asennusvalvonta_images_galleriat-galleries_referenssit-sidebar-galleria_1050_8001\/#main'><img loading=\"lazy\" decoding=\"async\" width=\"300\" height=\"225\" src=\"https:\/\/korinki.fi\/wp-content\/uploads\/2018\/11\/3_nosturi_asennusvalvonta_images_galleriat-galleries_referenssit-sidebar-galleria_1050_8001-300x225.jpg\" class=\"attachment-medium size-medium\" alt=\"\" srcset=\"https:\/\/korinki.fi\/wp-content\/uploads\/2018\/11\/3_nosturi_asennusvalvonta_images_galleriat-galleries_referenssit-sidebar-galleria_1050_8001-300x225.jpg 300w, https:\/\/korinki.fi\/wp-content\/uploads\/2018\/11\/3_nosturi_asennusvalvonta_images_galleriat-galleries_referenssit-sidebar-galleria_1050_8001-768x576.jpg 768w, https:\/\/korinki.fi\/wp-content\/uploads\/2018\/11\/3_nosturi_asennusvalvonta_images_galleriat-galleries_referenssit-sidebar-galleria_1050_8001-1024x768.jpg 1024w, https:\/\/korinki.fi\/wp-content\/uploads\/2018\/11\/3_nosturi_asennusvalvonta_images_galleriat-galleries_referenssit-sidebar-galleria_1050_8001.jpg 1066w\" sizes=\"auto, (max-width: 300px) 100vw, 300px\" \/><\/a>\n\t\t\t<\/div><\/figure><figure class='gallery-item'>\n\t\t\t<div class='gallery-icon landscape'>\n\t\t\t\t<a href='https:\/\/korinki.fi\/en\/galleria\/4_junavaaka_images_galleriat-galleries_referenssit-sidebar-galleria_1050_8001\/#main'><img loading=\"lazy\" decoding=\"async\" width=\"300\" height=\"225\" src=\"https:\/\/korinki.fi\/wp-content\/uploads\/2018\/11\/4_junavaaka_images_galleriat-galleries_referenssit-sidebar-galleria_1050_8001-300x225.jpg\" class=\"attachment-medium size-medium\" alt=\"\" srcset=\"https:\/\/korinki.fi\/wp-content\/uploads\/2018\/11\/4_junavaaka_images_galleriat-galleries_referenssit-sidebar-galleria_1050_8001-300x225.jpg 300w, https:\/\/korinki.fi\/wp-content\/uploads\/2018\/11\/4_junavaaka_images_galleriat-galleries_referenssit-sidebar-galleria_1050_8001-768x576.jpg 768w, https:\/\/korinki.fi\/wp-content\/uploads\/2018\/11\/4_junavaaka_images_galleriat-galleries_referenssit-sidebar-galleria_1050_8001-1024x768.jpg 1024w, https:\/\/korinki.fi\/wp-content\/uploads\/2018\/11\/4_junavaaka_images_galleriat-galleries_referenssit-sidebar-galleria_1050_8001.jpg 1066w\" sizes=\"auto, (max-width: 300px) 100vw, 300px\" \/><\/a>\n\t\t\t<\/div><\/figure><figure class='gallery-item'>\n\t\t\t<div class='gallery-icon landscape'>\n\t\t\t\t<a href='https:\/\/korinki.fi\/en\/galleria\/5_junavaaka1\/#main'><img loading=\"lazy\" decoding=\"async\" width=\"300\" height=\"225\" src=\"https:\/\/korinki.fi\/wp-content\/uploads\/2018\/11\/5_junavaaka1-300x225.jpg\" class=\"attachment-medium size-medium\" alt=\"\" srcset=\"https:\/\/korinki.fi\/wp-content\/uploads\/2018\/11\/5_junavaaka1-300x225.jpg 300w, https:\/\/korinki.fi\/wp-content\/uploads\/2018\/11\/5_junavaaka1.jpg 640w\" sizes=\"auto, (max-width: 300px) 100vw, 300px\" \/><\/a>\n\t\t\t<\/div><\/figure><figure class='gallery-item'>\n\t\t\t<div class='gallery-icon landscape'>\n\t\t\t\t<a href='https:\/\/korinki.fi\/en\/galleria\/6_junavaaka_asennusvalvonta1\/#main'><img loading=\"lazy\" decoding=\"async\" width=\"300\" height=\"225\" src=\"https:\/\/korinki.fi\/wp-content\/uploads\/2018\/11\/6_junavaaka_asennusvalvonta1-300x225.jpg\" class=\"attachment-medium size-medium\" alt=\"\" srcset=\"https:\/\/korinki.fi\/wp-content\/uploads\/2018\/11\/6_junavaaka_asennusvalvonta1-300x225.jpg 300w, https:\/\/korinki.fi\/wp-content\/uploads\/2018\/11\/6_junavaaka_asennusvalvonta1.jpg 640w\" sizes=\"auto, (max-width: 300px) 100vw, 300px\" \/><\/a>\n\t\t\t<\/div><\/figure><figure class='gallery-item'>\n\t\t\t<div class='gallery-icon landscape'>\n\t\t\t\t<a href='https:\/\/korinki.fi\/en\/galleria\/7_autovaaka_images_galleriat-galleries_referenssit-sidebar-galleria_1050_8001\/#main'><img loading=\"lazy\" decoding=\"async\" width=\"300\" height=\"225\" src=\"https:\/\/korinki.fi\/wp-content\/uploads\/2018\/11\/7_autovaaka_images_galleriat-galleries_referenssit-sidebar-galleria_1050_8001-300x225.jpg\" class=\"attachment-medium size-medium\" alt=\"\" srcset=\"https:\/\/korinki.fi\/wp-content\/uploads\/2018\/11\/7_autovaaka_images_galleriat-galleries_referenssit-sidebar-galleria_1050_8001-300x225.jpg 300w, https:\/\/korinki.fi\/wp-content\/uploads\/2018\/11\/7_autovaaka_images_galleriat-galleries_referenssit-sidebar-galleria_1050_8001-768x576.jpg 768w, https:\/\/korinki.fi\/wp-content\/uploads\/2018\/11\/7_autovaaka_images_galleriat-galleries_referenssit-sidebar-galleria_1050_8001-1024x768.jpg 1024w, https:\/\/korinki.fi\/wp-content\/uploads\/2018\/11\/7_autovaaka_images_galleriat-galleries_referenssit-sidebar-galleria_1050_8001.jpg 1066w\" sizes=\"auto, (max-width: 300px) 100vw, 300px\" \/><\/a>\n\t\t\t<\/div><\/figure><figure class='gallery-item'>\n\t\t\t<div class='gallery-icon landscape'>\n\t\t\t\t<a href='https:\/\/korinki.fi\/en\/galleria\/8_autovaaka1\/#main'><img loading=\"lazy\" decoding=\"async\" width=\"300\" height=\"225\" src=\"https:\/\/korinki.fi\/wp-content\/uploads\/2018\/11\/8_autovaaka1-300x225.jpg\" class=\"attachment-medium size-medium\" alt=\"\" srcset=\"https:\/\/korinki.fi\/wp-content\/uploads\/2018\/11\/8_autovaaka1-300x225.jpg 300w, https:\/\/korinki.fi\/wp-content\/uploads\/2018\/11\/8_autovaaka1-768x576.jpg 768w, https:\/\/korinki.fi\/wp-content\/uploads\/2018\/11\/8_autovaaka1.jpg 1024w\" sizes=\"auto, (max-width: 300px) 100vw, 300px\" \/><\/a>\n\t\t\t<\/div><\/figure><figure class='gallery-item'>\n\t\t\t<div class='gallery-icon landscape'>\n\t\t\t\t<a href='https:\/\/korinki.fi\/en\/gallerina-viimeinen-kuva\/'><img loading=\"lazy\" decoding=\"async\" width=\"300\" height=\"225\" src=\"https:\/\/korinki.fi\/wp-content\/uploads\/gallerina-viimeinen-kuva-300x225.jpg\" class=\"attachment-medium size-medium\" alt=\"\" srcset=\"https:\/\/korinki.fi\/wp-content\/uploads\/gallerina-viimeinen-kuva-300x225.jpg 300w, https:\/\/korinki.fi\/wp-content\/uploads\/gallerina-viimeinen-kuva-768x576.jpg 768w, https:\/\/korinki.fi\/wp-content\/uploads\/gallerina-viimeinen-kuva.jpg 1024w\" sizes=\"auto, (max-width: 300px) 100vw, 300px\" \/><\/a>\n\t\t\t<\/div><\/figure>\n\t\t<\/div>\n\n","protected":false},"excerpt":{"rendered":"","protected":false},"author":3,"featured_media":0,"parent":0,"menu_order":0,"comment_status":"closed","ping_status":"closed","template":"","meta":{"footnotes":""},"class_list":["post-65","page","type-page","status-publish"],"translation":{"provider":"WPGlobus","version":"3.0.2","language":"en","enabled_languages":["fi","en"],"languages":{"fi":{"title":true,"content":true,"excerpt":false},"en":{"title":true,"content":true,"excerpt":false}}},"yoast_head":"<!-- This site is optimized with the Yoast SEO plugin v27.5 - https:\/\/yoast.com\/product\/yoast-seo-wordpress\/ -->\n<title>Korinki Oy - Ter\u00e4srakennesuunnittelu, Konesuunnittelu, Laivasuunnittelu<\/title>\n<meta name=\"description\" content=\"Korinki Oy on vuonna 2005 perustettu insin\u00f6\u00f6ritoimisto, joka tuottaa konsultointi-, suunnittelu- ja projektinhoitopalveluja sek\u00e4 asennusvalvonnan palveluja metallialan ja laiva-alan yrityksille.\" \/>\n<meta name=\"robots\" content=\"index, follow, max-snippet:-1, max-image-preview:large, max-video-preview:-1\" \/>\n<link rel=\"canonical\" href=\"https:\/\/korinki.fi\/galleria\/\" \/>\n<meta property=\"og:locale\" content=\"en_US\" \/>\n<meta property=\"og:type\" content=\"article\" \/>\n<meta property=\"og:title\" content=\"Korinki Oy - Ter\u00e4srakennesuunnittelu, Konesuunnittelu, Laivasuunnittelu\" \/>\n<meta property=\"og:description\" content=\"Korinki Oy on vuonna 2005 perustettu insin\u00f6\u00f6ritoimisto, joka tuottaa konsultointi-, suunnittelu- ja projektinhoitopalveluja sek\u00e4 asennusvalvonnan palveluja metallialan ja laiva-alan yrityksille.\" \/>\n<meta property=\"og:url\" content=\"https:\/\/korinki.fi\/galleria\/\" \/>\n<meta property=\"og:site_name\" content=\"Korinki Oy - Laitesuunnittelu, Mekaniikkasuunnittelu, Nosturien suunnittelu\" \/>\n<meta property=\"article:modified_time\" content=\"2020-10-13T18:41:56+00:00\" \/>\n<meta property=\"og:image\" content=\"https:\/\/korinki.fi\/wp-content\/uploads\/2018\/11\/1_nosturi_images_galleriat-galleries_referenssit-sidebar-galleria_1050_8001-300x225.jpg\" \/>\n<meta name=\"twitter:card\" content=\"summary_large_image\" \/>\n<script type=\"application\/ld+json\" class=\"yoast-schema-graph\">{\"@context\":\"https:\\\/\\\/schema.org\",\"@graph\":[{\"@type\":\"WebPage\",\"@id\":\"https:\\\/\\\/korinki.fi\\\/galleria\\\/\",\"url\":\"https:\\\/\\\/korinki.fi\\\/galleria\\\/\",\"name\":\"Korinki Oy - Ter\u00e4srakennesuunnittelu, konesuunnittelu, laivasuunnittelu\",\"isPartOf\":{\"@id\":\"https:\\\/\\\/korinki.fi\\\/#website\"},\"datePublished\":\"2018-11-17T20:07:25+00:00\",\"dateModified\":\"2020-10-13T18:41:56+00:00\",\"description\":\"Korinki Oy on vuonna 2005 perustettu insin\u00f6\u00f6ritoimisto, joka tuottaa konsultointi-, suunnittelu- ja projektinhoitopalveluja sek\u00e4 asennusvalvonnan palveluja metallialan ja laiva-alan yrityksille.\",\"breadcrumb\":{\"@id\":\"https:\\\/\\\/korinki.fi\\\/galleria\\\/#breadcrumb\"},\"inLanguage\":\"en-US\",\"potentialAction\":[{\"@type\":\"ReadAction\",\"target\":[\"https:\\\/\\\/korinki.fi\\\/galleria\\\/\"]}]},{\"@type\":\"BreadcrumbList\",\"@id\":\"https:\\\/\\\/korinki.fi\\\/galleria\\\/#breadcrumb\",\"itemListElement\":[{\"@type\":\"ListItem\",\"position\":1,\"name\":\"Home\",\"item\":\"https:\\\/\\\/korinki.fi\\\/\"},{\"@type\":\"ListItem\",\"position\":2,\"name\":\"Kuvagalleria\"}]},{\"@type\":\"WebSite\",\"@id\":\"https:\\\/\\\/korinki.fi\\\/#website\",\"url\":\"https:\\\/\\\/korinki.fi\\\/\",\"name\":\"Korinki Oy - Laitesuunnittelu, Mekaniikkasuunnittelu, Nosturien suunnittelu\",\"description\":\"Insin&ouml;&ouml;ritoimisto Korinki Oy tuottaa konsultointipalveluja, suunnittelupalveluja  ja projektinhoitopalveluja sek&auml; asennusvalvonnan palveluja metallialan ja laivanrakennusalan yrityksille.\",\"publisher\":{\"@id\":\"https:\\\/\\\/korinki.fi\\\/#organization\"},\"potentialAction\":[{\"@type\":\"SearchAction\",\"target\":{\"@type\":\"EntryPoint\",\"urlTemplate\":\"https:\\\/\\\/korinki.fi\\\/?s={search_term_string}\"},\"query-input\":{\"@type\":\"PropertyValueSpecification\",\"valueRequired\":true,\"valueName\":\"search_term_string\"}}],\"inLanguage\":\"en-US\"},{\"@type\":\"Organization\",\"@id\":\"https:\\\/\\\/korinki.fi\\\/#organization\",\"name\":\"Korinki Oy - Laitesuunnittelu, Mekaniikkasuunnittelu, Nosturien suunnittelu\",\"url\":\"https:\\\/\\\/korinki.fi\\\/\",\"logo\":{\"@type\":\"ImageObject\",\"inLanguage\":\"en-US\",\"@id\":\"https:\\\/\\\/korinki.fi\\\/#\\\/schema\\\/logo\\\/image\\\/\",\"url\":\"https:\\\/\\\/korinki.fi\\\/wp-content\\\/uploads\\\/2018\\\/11\\\/logo-11.png\",\"contentUrl\":\"https:\\\/\\\/korinki.fi\\\/wp-content\\\/uploads\\\/2018\\\/11\\\/logo-11.png\",\"width\":307,\"height\":48,\"caption\":\"Korinki Oy - Laitesuunnittelu, Mekaniikkasuunnittelu, Nosturien suunnittelu\"},\"image\":{\"@id\":\"https:\\\/\\\/korinki.fi\\\/#\\\/schema\\\/logo\\\/image\\\/\"}}]}<\/script>\n<!-- \/ Yoast SEO plugin. -->","yoast_head_json":{"title":"Korinki Oy - Ter\u00e4srakennesuunnittelu, Konesuunnittelu, Laivasuunnittelu","description":"Korinki Oy on vuonna 2005 perustettu insin\u00f6\u00f6ritoimisto, joka tuottaa konsultointi-, suunnittelu- ja projektinhoitopalveluja sek\u00e4 asennusvalvonnan palveluja metallialan ja laiva-alan yrityksille.","robots":{"index":"index","follow":"follow","max-snippet":"max-snippet:-1","max-image-preview":"max-image-preview:large","max-video-preview":"max-video-preview:-1"},"canonical":"https:\/\/korinki.fi\/galleria\/","og_locale":"en_US","og_type":"article","og_title":"Korinki Oy - Ter\u00e4srakennesuunnittelu, Konesuunnittelu, Laivasuunnittelu","og_description":"Korinki Oy on vuonna 2005 perustettu insin\u00f6\u00f6ritoimisto, joka tuottaa konsultointi-, suunnittelu- ja projektinhoitopalveluja sek\u00e4 asennusvalvonnan palveluja metallialan ja laiva-alan yrityksille.","og_url":"https:\/\/korinki.fi\/galleria\/","og_site_name":"Korinki Oy - Laitesuunnittelu, Mekaniikkasuunnittelu, Nosturien suunnittelu","article_modified_time":"2020-10-13T18:41:56+00:00","og_image":[{"url":"https:\/\/korinki.fi\/wp-content\/uploads\/2018\/11\/1_nosturi_images_galleriat-galleries_referenssit-sidebar-galleria_1050_8001-300x225.jpg","type":"","width":"","height":""}],"twitter_card":"summary_large_image","schema":{"@context":"https:\/\/schema.org","@graph":[{"@type":"WebPage","@id":"https:\/\/korinki.fi\/galleria\/","url":"https:\/\/korinki.fi\/galleria\/","name":"Korinki Oy - Ter\u00e4srakennesuunnittelu, konesuunnittelu, laivasuunnittelu","isPartOf":{"@id":"https:\/\/korinki.fi\/#website"},"datePublished":"2018-11-17T20:07:25+00:00","dateModified":"2020-10-13T18:41:56+00:00","description":"Korinki Oy on vuonna 2005 perustettu insin\u00f6\u00f6ritoimisto, joka tuottaa konsultointi-, suunnittelu- ja projektinhoitopalveluja sek\u00e4 asennusvalvonnan palveluja metallialan ja laiva-alan yrityksille.","breadcrumb":{"@id":"https:\/\/korinki.fi\/galleria\/#breadcrumb"},"inLanguage":"en-US","potentialAction":[{"@type":"ReadAction","target":["https:\/\/korinki.fi\/galleria\/"]}]},{"@type":"BreadcrumbList","@id":"https:\/\/korinki.fi\/galleria\/#breadcrumb","itemListElement":[{"@type":"ListItem","position":1,"name":"Home","item":"https:\/\/korinki.fi\/"},{"@type":"ListItem","position":2,"name":"Kuvagalleria"}]},{"@type":"WebSite","@id":"https:\/\/korinki.fi\/#website","url":"https:\/\/korinki.fi\/","name":"Korinki Oy - Laitesuunnittelu, Mekaniikkasuunnittelu, Nosturien suunnittelu","description":"Insin&ouml;&ouml;ritoimisto Korinki Oy tuottaa konsultointipalveluja, suunnittelupalveluja  ja projektinhoitopalveluja sek&auml; asennusvalvonnan palveluja metallialan ja laivanrakennusalan yrityksille.","publisher":{"@id":"https:\/\/korinki.fi\/#organization"},"potentialAction":[{"@type":"SearchAction","target":{"@type":"EntryPoint","urlTemplate":"https:\/\/korinki.fi\/?s={search_term_string}"},"query-input":{"@type":"PropertyValueSpecification","valueRequired":true,"valueName":"search_term_string"}}],"inLanguage":"en-US"},{"@type":"Organization","@id":"https:\/\/korinki.fi\/#organization","name":"Korinki Oy - Laitesuunnittelu, Mekaniikkasuunnittelu, Nosturien suunnittelu","url":"https:\/\/korinki.fi\/","logo":{"@type":"ImageObject","inLanguage":"en-US","@id":"https:\/\/korinki.fi\/#\/schema\/logo\/image\/","url":"https:\/\/korinki.fi\/wp-content\/uploads\/2018\/11\/logo-11.png","contentUrl":"https:\/\/korinki.fi\/wp-content\/uploads\/2018\/11\/logo-11.png","width":307,"height":48,"caption":"Korinki Oy - Laitesuunnittelu, Mekaniikkasuunnittelu, Nosturien suunnittelu"},"image":{"@id":"https:\/\/korinki.fi\/#\/schema\/logo\/image\/"}}]}},"_links":{"self":[{"href":"https:\/\/korinki.fi\/en\/wp-json\/wp\/v2\/pages\/65","targetHints":{"allow":["GET"]}}],"collection":[{"href":"https:\/\/korinki.fi\/en\/wp-json\/wp\/v2\/pages"}],"about":[{"href":"https:\/\/korinki.fi\/en\/wp-json\/wp\/v2\/types\/page"}],"author":[{"embeddable":true,"href":"https:\/\/korinki.fi\/en\/wp-json\/wp\/v2\/users\/3"}],"replies":[{"embeddable":true,"href":"https:\/\/korinki.fi\/en\/wp-json\/wp\/v2\/comments?post=65"}],"version-history":[{"count":12,"href":"https:\/\/korinki.fi\/en\/wp-json\/wp\/v2\/pages\/65\/revisions"}],"predecessor-version":[{"id":393,"href":"https:\/\/korinki.fi\/en\/wp-json\/wp\/v2\/pages\/65\/revisions\/393"}],"wp:attachment":[{"href":"https:\/\/korinki.fi\/en\/wp-json\/wp\/v2\/media?parent=65"}],"curies":[{"name":"wp","href":"https:\/\/api.w.org\/{rel}","templated":true}]}}