{"id":84,"date":"2018-11-17T22:18:35","date_gmt":"2018-11-17T20:18:35","guid":{"rendered":"http:\/\/korinki.fi\/?page_id=84"},"modified":"2023-01-02T14:55:07","modified_gmt":"2023-01-02T12:55:07","slug":"yhteystiedot","status":"publish","type":"page","link":"https:\/\/korinki.fi\/en\/yhteystiedot\/","title":{"rendered":"Yhteystiedot"},"content":{"rendered":"<p><iframe loading=\"lazy\" style=\"border: 0;\" src=\"https:\/\/www.google.com\/maps\/embed?pb=!1m18!1m12!1m3!1d1978.7808704821907!2d25.04307871584179!3d60.26708208199674!2m3!1f0!2f0!3f0!3m2!1i1024!2i768!4f13.1!3m3!1m2!1s0x4692062afbec00d5%3A0xced4fbe0ed379444!2sKorinki+Oy!5e0!3m2!1sen!2sfi!4v1542485702787\" width=\"950\" height=\"290\" frameborder=\"0\" allowfullscreen=\"allowfullscreen\"><\/iframe><\/p>\n<h2>\u00c5ke Koponen<\/h2>\n<p><img loading=\"lazy\" decoding=\"async\" class=\"alignnone wp-image-85 \" src=\"http:\/\/korinki.fi\/wp-content\/uploads\/2018\/11\/AkeKoponen_kuva_yhteys1.jpg\" alt=\"\" width=\"341\" height=\"289\" srcset=\"https:\/\/korinki.fi\/wp-content\/uploads\/2018\/11\/AkeKoponen_kuva_yhteys1.jpg 640w, https:\/\/korinki.fi\/wp-content\/uploads\/2018\/11\/AkeKoponen_kuva_yhteys1-300x254.jpg 300w\" sizes=\"auto, (max-width: 341px) 100vw, 341px\" \/><\/p>\n<p>Managing Director<br \/>\nMaster of Science in Mechanical Engineering and Naval Architecture<br \/>\nMobile: + 358 44 344 7735<br \/>\n&#97;&#x6b;&#101;&#x2e;&#107;&#x6f;p&#x6f;n&#101;&#x6e;&#64;&#x6b;&#111;&#x72;i&#x6e;k&#105;&#x2e;&#102;&#x69;<\/p>\n","protected":false},"excerpt":{"rendered":"<p>\u00c5ke Koponen Managing Director Master of Science in Mechanical Engineering and Naval Architecture Mobile: + 358 44 344 7735 &#x61;&#107;e&#x2e;&#x6b;&#111;p&#x6f;&#110;e&#x6e;&#x40;&#107;o&#x72;&#105;n&#x6b;&#x69;&#46;f&#x69;<\/p>\n","protected":false},"author":3,"featured_media":0,"parent":0,"menu_order":0,"comment_status":"closed","ping_status":"closed","template":"","meta":{"footnotes":""},"class_list":["post-84","page","type-page","status-publish"],"translation":{"provider":"WPGlobus","version":"3.0.2","language":"en","enabled_languages":["fi","en"],"languages":{"fi":{"title":true,"content":true,"excerpt":false},"en":{"title":false,"content":true,"excerpt":false}}},"yoast_head":"<!-- This site is optimized with the Yoast SEO plugin v27.5 - https:\/\/yoast.com\/product\/yoast-seo-wordpress\/ -->\n<title>Korinki Oy - Koneensuunnittelu, Laivanrakennus, Ter\u00e4srakenne suunnittelu<\/title>\n<meta name=\"robots\" content=\"index, follow, max-snippet:-1, max-image-preview:large, max-video-preview:-1\" \/>\n<link rel=\"canonical\" href=\"https:\/\/korinki.fi\/yhteystiedot\/\" \/>\n<meta property=\"og:locale\" content=\"en_US\" \/>\n<meta property=\"og:type\" content=\"article\" \/>\n<meta property=\"og:title\" content=\"Yhteystiedot - Korinki Oy - Laitesuunnittelu, Mekaniikkasuunnittelu, Nosturien suunnittelu\" \/>\n<meta property=\"og:url\" content=\"https:\/\/korinki.fi\/yhteystiedot\/\" \/>\n<meta property=\"og:site_name\" content=\"Korinki Oy - Laitesuunnittelu, Mekaniikkasuunnittelu, Nosturien suunnittelu\" \/>\n<meta property=\"article:modified_time\" content=\"2023-01-02T12:55:07+00:00\" \/>\n<meta property=\"og:image\" content=\"http:\/\/korinki.fi\/wp-content\/uploads\/2018\/11\/AkeKoponen_kuva_yhteys1.jpg\" \/>\n<meta name=\"twitter:card\" content=\"summary_large_image\" \/>\n<meta name=\"twitter:label1\" content=\"Est. reading time\" \/>\n\t<meta name=\"twitter:data1\" content=\"1 minute\" \/>\n<script type=\"application\/ld+json\" class=\"yoast-schema-graph\">{\"@context\":\"https:\\\/\\\/schema.org\",\"@graph\":[{\"@type\":\"WebPage\",\"@id\":\"https:\\\/\\\/korinki.fi\\\/yhteystiedot\\\/\",\"url\":\"https:\\\/\\\/korinki.fi\\\/yhteystiedot\\\/\",\"name\":\"Korinki Oy - Koneensuunnittelu, Laivanrakennus, Ter\u00e4srakenne suunnittelu\",\"isPartOf\":{\"@id\":\"https:\\\/\\\/korinki.fi\\\/#website\"},\"primaryImageOfPage\":{\"@id\":\"https:\\\/\\\/korinki.fi\\\/yhteystiedot\\\/#primaryimage\"},\"image\":{\"@id\":\"https:\\\/\\\/korinki.fi\\\/yhteystiedot\\\/#primaryimage\"},\"thumbnailUrl\":\"http:\\\/\\\/korinki.fi\\\/wp-content\\\/uploads\\\/2018\\\/11\\\/AkeKoponen_kuva_yhteys1.jpg\",\"datePublished\":\"2018-11-17T20:18:35+00:00\",\"dateModified\":\"2023-01-02T12:55:07+00:00\",\"description\":\"Insin\u00f6\u00f6ritoimisto Korinki Oy tuottaa konsultointipalveluja, suunnittelupalveluja ja projektinhoitopalveluja sek\u00e4 asennusvalvonnan palveluja metallialan ja laiva-alan yrityksille.\",\"breadcrumb\":{\"@id\":\"https:\\\/\\\/korinki.fi\\\/yhteystiedot\\\/#breadcrumb\"},\"inLanguage\":\"en-US\",\"potentialAction\":[{\"@type\":\"ReadAction\",\"target\":[\"https:\\\/\\\/korinki.fi\\\/yhteystiedot\\\/\"]}]},{\"@type\":\"ImageObject\",\"inLanguage\":\"en-US\",\"@id\":\"https:\\\/\\\/korinki.fi\\\/yhteystiedot\\\/#primaryimage\",\"url\":\"http:\\\/\\\/korinki.fi\\\/wp-content\\\/uploads\\\/2018\\\/11\\\/AkeKoponen_kuva_yhteys1.jpg\",\"contentUrl\":\"http:\\\/\\\/korinki.fi\\\/wp-content\\\/uploads\\\/2018\\\/11\\\/AkeKoponen_kuva_yhteys1.jpg\"},{\"@type\":\"BreadcrumbList\",\"@id\":\"https:\\\/\\\/korinki.fi\\\/yhteystiedot\\\/#breadcrumb\",\"itemListElement\":[{\"@type\":\"ListItem\",\"position\":1,\"name\":\"Home\",\"item\":\"https:\\\/\\\/korinki.fi\\\/\"},{\"@type\":\"ListItem\",\"position\":2,\"name\":\"Yhteystiedot\"}]},{\"@type\":\"WebSite\",\"@id\":\"https:\\\/\\\/korinki.fi\\\/#website\",\"url\":\"https:\\\/\\\/korinki.fi\\\/\",\"name\":\"Korinki Oy - Laitesuunnittelu, Mekaniikkasuunnittelu, Nosturien suunnittelu\",\"description\":\"Insin&ouml;&ouml;ritoimisto Korinki Oy tuottaa konsultointipalveluja, suunnittelupalveluja  ja projektinhoitopalveluja sek&auml; asennusvalvonnan palveluja metallialan ja laivanrakennusalan yrityksille.\",\"publisher\":{\"@id\":\"https:\\\/\\\/korinki.fi\\\/#organization\"},\"potentialAction\":[{\"@type\":\"SearchAction\",\"target\":{\"@type\":\"EntryPoint\",\"urlTemplate\":\"https:\\\/\\\/korinki.fi\\\/?s={search_term_string}\"},\"query-input\":{\"@type\":\"PropertyValueSpecification\",\"valueRequired\":true,\"valueName\":\"search_term_string\"}}],\"inLanguage\":\"en-US\"},{\"@type\":\"Organization\",\"@id\":\"https:\\\/\\\/korinki.fi\\\/#organization\",\"name\":\"Korinki Oy - Laitesuunnittelu, Mekaniikkasuunnittelu, Nosturien suunnittelu\",\"url\":\"https:\\\/\\\/korinki.fi\\\/\",\"logo\":{\"@type\":\"ImageObject\",\"inLanguage\":\"en-US\",\"@id\":\"https:\\\/\\\/korinki.fi\\\/#\\\/schema\\\/logo\\\/image\\\/\",\"url\":\"https:\\\/\\\/korinki.fi\\\/wp-content\\\/uploads\\\/2018\\\/11\\\/logo-11.png\",\"contentUrl\":\"https:\\\/\\\/korinki.fi\\\/wp-content\\\/uploads\\\/2018\\\/11\\\/logo-11.png\",\"width\":307,\"height\":48,\"caption\":\"Korinki Oy - Laitesuunnittelu, Mekaniikkasuunnittelu, Nosturien suunnittelu\"},\"image\":{\"@id\":\"https:\\\/\\\/korinki.fi\\\/#\\\/schema\\\/logo\\\/image\\\/\"}}]}<\/script>\n<!-- \/ Yoast SEO plugin. -->","yoast_head_json":{"title":"Korinki Oy - Koneensuunnittelu, Laivanrakennus, Ter\u00e4srakenne suunnittelu","robots":{"index":"index","follow":"follow","max-snippet":"max-snippet:-1","max-image-preview":"max-image-preview:large","max-video-preview":"max-video-preview:-1"},"canonical":"https:\/\/korinki.fi\/yhteystiedot\/","og_locale":"en_US","og_type":"article","og_title":"Yhteystiedot - Korinki Oy - Laitesuunnittelu, Mekaniikkasuunnittelu, Nosturien suunnittelu","og_url":"https:\/\/korinki.fi\/yhteystiedot\/","og_site_name":"Korinki Oy - Laitesuunnittelu, Mekaniikkasuunnittelu, Nosturien suunnittelu","article_modified_time":"2023-01-02T12:55:07+00:00","og_image":[{"url":"http:\/\/korinki.fi\/wp-content\/uploads\/2018\/11\/AkeKoponen_kuva_yhteys1.jpg","type":"","width":"","height":""}],"twitter_card":"summary_large_image","twitter_misc":{"Est. reading time":"1 minute"},"schema":{"@context":"https:\/\/schema.org","@graph":[{"@type":"WebPage","@id":"https:\/\/korinki.fi\/yhteystiedot\/","url":"https:\/\/korinki.fi\/yhteystiedot\/","name":"Korinki Oy - Koneensuunnittelu, Laivanrakennus, Ter\u00e4srakenne suunnittelu","isPartOf":{"@id":"https:\/\/korinki.fi\/#website"},"primaryImageOfPage":{"@id":"https:\/\/korinki.fi\/yhteystiedot\/#primaryimage"},"image":{"@id":"https:\/\/korinki.fi\/yhteystiedot\/#primaryimage"},"thumbnailUrl":"http:\/\/korinki.fi\/wp-content\/uploads\/2018\/11\/AkeKoponen_kuva_yhteys1.jpg","datePublished":"2018-11-17T20:18:35+00:00","dateModified":"2023-01-02T12:55:07+00:00","description":"Insin\u00f6\u00f6ritoimisto Korinki Oy tuottaa konsultointipalveluja, suunnittelupalveluja ja projektinhoitopalveluja sek\u00e4 asennusvalvonnan palveluja metallialan ja laiva-alan yrityksille.","breadcrumb":{"@id":"https:\/\/korinki.fi\/yhteystiedot\/#breadcrumb"},"inLanguage":"en-US","potentialAction":[{"@type":"ReadAction","target":["https:\/\/korinki.fi\/yhteystiedot\/"]}]},{"@type":"ImageObject","inLanguage":"en-US","@id":"https:\/\/korinki.fi\/yhteystiedot\/#primaryimage","url":"http:\/\/korinki.fi\/wp-content\/uploads\/2018\/11\/AkeKoponen_kuva_yhteys1.jpg","contentUrl":"http:\/\/korinki.fi\/wp-content\/uploads\/2018\/11\/AkeKoponen_kuva_yhteys1.jpg"},{"@type":"BreadcrumbList","@id":"https:\/\/korinki.fi\/yhteystiedot\/#breadcrumb","itemListElement":[{"@type":"ListItem","position":1,"name":"Home","item":"https:\/\/korinki.fi\/"},{"@type":"ListItem","position":2,"name":"Yhteystiedot"}]},{"@type":"WebSite","@id":"https:\/\/korinki.fi\/#website","url":"https:\/\/korinki.fi\/","name":"Korinki Oy - Laitesuunnittelu, Mekaniikkasuunnittelu, Nosturien suunnittelu","description":"Insin&ouml;&ouml;ritoimisto Korinki Oy tuottaa konsultointipalveluja, suunnittelupalveluja  ja projektinhoitopalveluja sek&auml; asennusvalvonnan palveluja metallialan ja laivanrakennusalan yrityksille.","publisher":{"@id":"https:\/\/korinki.fi\/#organization"},"potentialAction":[{"@type":"SearchAction","target":{"@type":"EntryPoint","urlTemplate":"https:\/\/korinki.fi\/?s={search_term_string}"},"query-input":{"@type":"PropertyValueSpecification","valueRequired":true,"valueName":"search_term_string"}}],"inLanguage":"en-US"},{"@type":"Organization","@id":"https:\/\/korinki.fi\/#organization","name":"Korinki Oy - Laitesuunnittelu, Mekaniikkasuunnittelu, Nosturien suunnittelu","url":"https:\/\/korinki.fi\/","logo":{"@type":"ImageObject","inLanguage":"en-US","@id":"https:\/\/korinki.fi\/#\/schema\/logo\/image\/","url":"https:\/\/korinki.fi\/wp-content\/uploads\/2018\/11\/logo-11.png","contentUrl":"https:\/\/korinki.fi\/wp-content\/uploads\/2018\/11\/logo-11.png","width":307,"height":48,"caption":"Korinki Oy - Laitesuunnittelu, Mekaniikkasuunnittelu, Nosturien suunnittelu"},"image":{"@id":"https:\/\/korinki.fi\/#\/schema\/logo\/image\/"}}]}},"_links":{"self":[{"href":"https:\/\/korinki.fi\/en\/wp-json\/wp\/v2\/pages\/84","targetHints":{"allow":["GET"]}}],"collection":[{"href":"https:\/\/korinki.fi\/en\/wp-json\/wp\/v2\/pages"}],"about":[{"href":"https:\/\/korinki.fi\/en\/wp-json\/wp\/v2\/types\/page"}],"author":[{"embeddable":true,"href":"https:\/\/korinki.fi\/en\/wp-json\/wp\/v2\/users\/3"}],"replies":[{"embeddable":true,"href":"https:\/\/korinki.fi\/en\/wp-json\/wp\/v2\/comments?post=84"}],"version-history":[{"count":7,"href":"https:\/\/korinki.fi\/en\/wp-json\/wp\/v2\/pages\/84\/revisions"}],"predecessor-version":[{"id":434,"href":"https:\/\/korinki.fi\/en\/wp-json\/wp\/v2\/pages\/84\/revisions\/434"}],"wp:attachment":[{"href":"https:\/\/korinki.fi\/en\/wp-json\/wp\/v2\/media?parent=84"}],"curies":[{"name":"wp","href":"https:\/\/api.w.org\/{rel}","templated":true}]}}